{"id":7917,"date":"2026-02-05T13:33:09","date_gmt":"2026-02-05T13:33:09","guid":{"rendered":"https:\/\/ape-dipiazza.zello.hu\/?page_id=7917"},"modified":"2026-02-16T11:37:46","modified_gmt":"2026-02-16T11:37:46","slug":"rendezvenyek","status":"publish","type":"page","link":"https:\/\/dipiazza.aperegina.hu\/de\/rendezvenyek\/","title":{"rendered":"Rendezv\u00e9nyek"},"content":{"rendered":"<section class=\"bde-section-7917-100 bde-section\">\n  \n  \n\t\n\n\n\n<div class=\"section-container\"><h2 class=\"bde-heading-7917-101 bde-heading\">\nRendezv\u00e9nyek\n<\/h2><img decoding=\"async\" class=\"bde-image2-7917-102 bde-image2\" src=\"https:\/\/aperegina-new.zello.hu\/wp-content\/uploads\/2025\/11\/rendezveny_3-1.jpg\" srcset=\"https:\/\/aperegina-new.zello.hu\/wp-content\/uploads\/2025\/11\/rendezveny_3-1.jpg 1281w, https:\/\/aperegina-new.zello.hu\/wp-content\/uploads\/2025\/11\/rendezveny_3-1-300x179.jpg 300w, https:\/\/aperegina-new.zello.hu\/wp-content\/uploads\/2025\/11\/rendezveny_3-1-1024x612.jpg 1024w, https:\/\/aperegina-new.zello.hu\/wp-content\/uploads\/2025\/11\/rendezveny_3-1-768x459.jpg 768w\" sizes=\"(max-width: 1281px) 100vw, 1281px\"><\/div>\n<\/section><section class=\"bde-section-7917-103 bde-section\">\n  \n  \n\t\n\n\n\n<div class=\"section-container\"><div class=\"bde-div-7917-104 bde-div\">\n  \n  \n\t\n\n\n\n<h2 class=\"bde-heading-7917-105 bde-heading\">\nC\u00e9ges, csal\u00e1di vagy bar\u00e1ti \u00f6sszej\u00f6vetel?\n<\/h2><div class=\"bde-text-7917-106 bde-text\">\nLegyen sz\u00f3 b\u00e1rmilyen kisebb vagy nagyobb \u00f6sszej\u00f6vetelr\u0151l, \u00e9tterm\u00fcnkben gy\u00f6ny\u00f6r\u0171 helysz\u00ednt \u00e9s fens\u00e9ges \u00e9teleket biztos\u00edtunk az igaz\u00e1n sz\u00ednvonalas rendezv\u00e9nyek\u00e9rt.\n<\/div>\n<\/div><div class=\"bde-div-7917-107 bde-div\">\n  \n  \n\t\n\n\n\n<h2 class=\"bde-heading-7917-108 bde-heading\">\nAktu\u00e1lis esem\u00e9nyek:\n<\/h2><div class=\"bde-button-7917-109 bde-button\">\n    \n                        \n                        \n    \n    \n    \n    \n            \n                    \n            \n            \n\n    \n    \n    \n    \n    \n    <a class=\"breakdance-link button-atom button-atom--primary bde-button__button\" href=\"\/rendezvenyek-szuletesnap\/\" target=\"_self\" data-type=\"url\"  >\n\n    \n        <span class=\"button-atom__text\">Sz\u00fclet\u00e9snap<\/span>\n\n        \n        \n                <\/a>\n\n    \n\n\n<\/div>\n<\/div><div class=\"bde-columns-7917-110 bde-columns\"><div class=\"bde-column-7917-111 bde-column\">\n  \n  \n\t\n\n\n\n<div class=\"bde-div-7917-112 bde-div\">\n  \n  \n\t\n\n\n\n<div class=\"bde-icon-list-7917-113 bde-icon-list\">\n<ul>\n  <\/ul>\n\n<\/div>\n<\/div><h2 class=\"bde-heading-7917-114 bde-heading\">\nKorl\u00e1tlan fogyaszt\u00e1s\n<\/h2><div class=\"bde-text-7917-115 bde-text\">\nA foglalt id\u0151s\u00e1vban All You Can Eat & Drink ell\u00e1t\u00e1st biztos\u00edtunk, \u00edgy vend\u00e9geink korl\u00e1tlanul fogyaszthatnak \u00e9tel- \u00e9s italk\u00edn\u00e1latunkb\u00f3l. B\u0151s\u00e9ges v\u00e1laszt\u00e9kkal v\u00e1rjuk olasz \u00e9s mediterr\u00e1n fog\u00e1sokkal, el\u0151\u00e9telekkel, desszertekkel. A friss alapanyagokb\u00f3l k\u00e9sz\u00fclt, \u00edzletes \u00e9telek garant\u00e1lj\u00e1k, hogy mindenki megtal\u00e1lja a kedv\u00e9re val\u00f3 falatokat.\n<\/div><h2 class=\"bde-heading-7917-116 bde-heading\">\nK\u00fcl\u00f6nterem \u00e9s z\u00e1rtk\u00f6r\u0171 rendezv\u00e9ny\n<\/h2><div class=\"bde-text-7917-117 bde-text\">\n75 f\u0151s k\u00fcl\u00f6nterm\u00fcnk ide\u00e1lis nagyobb rendezv\u00e9nyekhez, ahol egy projektor is rendelkez\u00e9sre \u00e1ll. \u00c9tterm\u00fcnk kapacit\u00e1sa 130 f\u0151, \u00edgy 110 f\u0151 felett \u2013 a teljes kapacit\u00e1s fogyaszt\u00e1s\u00e1nak megfizet\u00e9s\u00e9vel \u2013 z\u00e1rt k\u00f6rben \u00e9lvezhetik az esem\u00e9nyt.<br><br>Biztos\u00edtsa hely\u00e9t id\u0151ben: foglaljon asztalt most, \u00e9s \u00fcnnepelje n\u00e1lunk a legszebb pillanatokat szeretteivel, bar\u00e1taival, koll\u00e9g\u00e1ival!\n<\/div><div class=\"bde-div-7917-118 bde-div\">\n  \n  \n\t\n\n\n\n<div class=\"bde-button-7917-119 bde-button\">\n    \n                        \n                        \n    \n    \n    \n    \n            \n                    \n            \n            \n\n    \n    \n    \n    \n    \n    <a class=\"breakdance-link button-atom button-atom--text bde-button__button\" href=\"mailto:info@aperegina.hu\" target=\"_self\" data-type=\"url\"  >\n\n    \n        <span class=\"button-atom__text\">info@aperegina.hu<\/span>\n\n        \n        \n                <\/a>\n\n    \n\n\n<\/div>\n<\/div>\n<\/div><div class=\"bde-column-7917-120 bde-column\">\n  \n  \n\t\n\n\n\n<img decoding=\"async\" class=\"bde-image2-7917-121 bde-image2\" src=\"https:\/\/aperegina-new.zello.hu\/wp-content\/uploads\/2025\/11\/rendezvenyek_3.jpg\" srcset=\"https:\/\/aperegina-new.zello.hu\/wp-content\/uploads\/2025\/11\/rendezvenyek_3.jpg 800w, https:\/\/aperegina-new.zello.hu\/wp-content\/uploads\/2025\/11\/rendezvenyek_3-225x300.jpg 225w, https:\/\/aperegina-new.zello.hu\/wp-content\/uploads\/2025\/11\/rendezvenyek_3-768x1024.jpg 768w\" sizes=\"(max-width: 800px) 100vw, 800px\">\n<\/div><\/div><\/div>\n<\/section>","protected":false},"excerpt":{"rendered":"<p>Rendezv\u00e9nyek C\u00e9ges, csal\u00e1di vagy bar\u00e1ti \u00f6sszej\u00f6vetel? Legyen sz\u00f3 b\u00e1rmilyen kisebb vagy nagyobb \u00f6sszej\u00f6vetelr\u0151l, \u00e9tterm\u00fcnkben gy\u00f6ny\u00f6r\u0171 helysz\u00ednt \u00e9s fens\u00e9ges \u00e9teleket biztos\u00edtunk az igaz\u00e1n sz\u00ednvonalas rendezv\u00e9nyek\u00e9rt. Aktu\u00e1lis esem\u00e9nyek: Sz\u00fclet\u00e9snap Korl\u00e1tlan fogyaszt\u00e1s A foglalt id\u0151s\u00e1vban All You Can Eat &#038; Drink ell\u00e1t\u00e1st biztos\u00edtunk, \u00edgy vend\u00e9geink korl\u00e1tlanul fogyaszthatnak \u00e9tel- \u00e9s italk\u00edn\u00e1latunkb\u00f3l. B\u0151s\u00e9ges v\u00e1laszt\u00e9kkal v\u00e1rjuk olasz \u00e9s mediterr\u00e1n fog\u00e1sokkal, el\u0151\u00e9telekkel, [&hellip;]<\/p>\n","protected":false},"author":1,"featured_media":0,"parent":0,"menu_order":0,"comment_status":"closed","ping_status":"closed","template":"","meta":{"_acf_changed":false,"_breakdance_hide_in_design_set":false,"_breakdance_tags":"","footnotes":""},"class_list":["post-7917","page","type-page","status-publish","hentry"],"acf":[],"_links":{"self":[{"href":"https:\/\/dipiazza.aperegina.hu\/de\/wp-json\/wp\/v2\/pages\/7917","targetHints":{"allow":["GET"]}}],"collection":[{"href":"https:\/\/dipiazza.aperegina.hu\/de\/wp-json\/wp\/v2\/pages"}],"about":[{"href":"https:\/\/dipiazza.aperegina.hu\/de\/wp-json\/wp\/v2\/types\/page"}],"author":[{"embeddable":true,"href":"https:\/\/dipiazza.aperegina.hu\/de\/wp-json\/wp\/v2\/users\/1"}],"replies":[{"embeddable":true,"href":"https:\/\/dipiazza.aperegina.hu\/de\/wp-json\/wp\/v2\/comments?post=7917"}],"version-history":[{"count":0,"href":"https:\/\/dipiazza.aperegina.hu\/de\/wp-json\/wp\/v2\/pages\/7917\/revisions"}],"wp:attachment":[{"href":"https:\/\/dipiazza.aperegina.hu\/de\/wp-json\/wp\/v2\/media?parent=7917"}],"curies":[{"name":"wp","href":"https:\/\/api.w.org\/{rel}","templated":true}]}}