{"id":7853,"date":"2026-02-05T12:08:15","date_gmt":"2026-02-05T12:08:15","guid":{"rendered":"https:\/\/ape-dipiazza.zello.hu\/?page_id=7853"},"modified":"2026-03-27T11:24:45","modified_gmt":"2026-03-27T11:24:45","slug":"fooldal","status":"publish","type":"page","link":"https:\/\/dipiazza.aperegina.hu\/es\/","title":{"rendered":"F\u0151oldal"},"content":{"rendered":"<section class=\"bde-section-7853-100 bde-section\">\n  \n  \n\t\n\n\n\n<div class=\"section-container\"><div id=\"hero\" class=\"bde-div-7853-101 bde-div\">\n              \n  \n  \n\t\n\n  <div class=\"section-background-overlay\"><\/div>\n\n\n<div class=\"bde-div-7853-103 bde-div\">\n  \n  \n\t\n\n\n\n<h1 class=\"bde-heading-7853-105 bde-heading\">\nApe Regina<br> Di Piazza \u00c9tterem\n<\/h1>\n<\/div><h4 class=\"bde-heading-7853-106 bde-heading\">\nA'la carte\n<\/h4>\n<\/div><div class=\"bde-div-7853-107 bde-div\">\n  \n  \n\t\n\n\n\n<a class=\"bde-container-link-7853-260 bde-container-link breakdance-link\" href=\"\/ebed\/\" target=\"_self\" data-type=\"url\">\n  \n  \n\t\n\n\n\n<div class=\"bde-div-7853-261 bde-div\">\n  \n  \n\t\n\n\n\n<img decoding=\"async\" class=\"bde-image2-7853-262 bde-image2\" src=\"https:\/\/dipiazza.aperegina.hu\/wp-content\/uploads\/2026\/03\/IMG_0984-2-scaled.jpeg\" srcset=\"https:\/\/dipiazza.aperegina.hu\/wp-content\/uploads\/2026\/03\/IMG_0984-2-scaled.jpeg 1920w, https:\/\/dipiazza.aperegina.hu\/wp-content\/uploads\/2026\/03\/IMG_0984-2-225x300.jpeg 225w, https:\/\/dipiazza.aperegina.hu\/wp-content\/uploads\/2026\/03\/IMG_0984-2-768x1024.jpeg 768w, https:\/\/dipiazza.aperegina.hu\/wp-content\/uploads\/2026\/03\/IMG_0984-2-1152x1536.jpeg 1152w, https:\/\/dipiazza.aperegina.hu\/wp-content\/uploads\/2026\/03\/IMG_0984-2-1536x2048.jpeg 1536w\" sizes=\"(max-width: 1920px) 100vw, 1920px\"><div class=\"bde-text-7853-263 bde-text\">\nEB\u00c9D MEN\u00dc\n<\/div>\n<\/div>\n\n<\/a><a class=\"bde-container-link-7853-276 bde-container-link breakdance-link\" href=\"\/digitalmenu\/\" target=\"_self\" data-type=\"url\">\n  \n  \n\t\n\n\n\n<div class=\"bde-div-7853-277 bde-div\">\n  \n  \n\t\n\n\n\n<img decoding=\"async\" class=\"bde-image2-7853-278 bde-image2\" src=\"https:\/\/dipiazza.aperegina.hu\/wp-content\/uploads\/2025\/11\/alacarte_04-1-1.webp\" loading=\"lazy\" srcset=\"https:\/\/dipiazza.aperegina.hu\/wp-content\/uploads\/2025\/11\/alacarte_04-1-1.webp 1200w, https:\/\/dipiazza.aperegina.hu\/wp-content\/uploads\/2025\/11\/alacarte_04-1-1-300x214.webp 300w, https:\/\/dipiazza.aperegina.hu\/wp-content\/uploads\/2025\/11\/alacarte_04-1-1-1024x731.webp 1024w, https:\/\/dipiazza.aperegina.hu\/wp-content\/uploads\/2025\/11\/alacarte_04-1-1-768x548.webp 768w\" sizes=\"(max-width: 1200px) 100vw, 1200px\"><div class=\"bde-text-7853-279 bde-text\">\nA'la carte men\u00fc\n<\/div>\n<\/div>\n\n<\/a>\n<\/div><\/div>\n<\/section><section class=\"bde-section-7853-217 bde-section\">\n  \n  \n\t\n\n\n\n<div class=\"section-container\"><div class=\"bde-columns-7853-218 bde-columns\"><div class=\"bde-column-7853-219 bde-column\">\n  \n  \n\t\n\n\n\n<a id=\"home_adp_cim\" class=\"bde-container-link-7853-220 bde-container-link breakdance-link\" href=\"https:\/\/www.google.com\/maps\/place\/Ape+Regina+Di+Piazza\/@47.5058846,19.0475149,19z\/data=!4m6!3m5!1s0x4741dd26adc9a643:0xf5cabdb2a69480fc!8m2!3d47.5054054!4d19.0493842!16s%2Fg%2F11zk1jvn3d?entry=ttu&amp;g_ep=EgoyMDI2MDIxMS4wIKXMDSoASAFQAw%3D%3D\" target=\"_self\" data-type=\"url\">\n  \n  \n\t\n\n\n\n<div class=\"bde-icon-box-7853-221 bde-icon-box\">\n\n    \n            <div class=\"ee-iconbox-icon breakdance-icon-atom\" >\n    \n                    <svg xmlns=\"http:\/\/www.w3.org\/2000\/svg\" id=\"icon-location\" viewBox=\"0 0 32 32\">\n<path d=\"M16 0c-5.523 0-10 4.477-10 10 0 10 10 22 10 22s10-12 10-22c0-5.523-4.477-10-10-10zM16 16c-3.314 0-6-2.686-6-6s2.686-6 6-6 6 2.686 6 6-2.686 6-6 6z\"\/>\n<\/svg>\n        \n        \n        \n            <\/div>\n    \n\n<div class=\"ee-iconbox-content\">\n      <p class=\"ee-iconbox-title bde-h3\" >\u00c9tterem<\/p>\n        <div class=\"ee-iconbox-text\" >1054 Budapest<\/br> V\u00e9csey utca 3.<\/div>\n    <\/div>\n\n<\/div>\n\n<\/a>\n<\/div><div class=\"bde-column-7853-222 bde-column\">\n  \n  \n\t\n\n\n\n<div class=\"bde-icon-box-7853-223 bde-icon-box\">\n\n    \n            <div class=\"ee-iconbox-icon breakdance-icon-atom\" >\n    \n                    <svg xmlns=\"http:\/\/www.w3.org\/2000\/svg\" viewBox=\"0 0 512 512\"><!--! Font Awesome Free 6.5.1 by @fontawesome - https:\/\/fontawesome.com License - https:\/\/fontawesome.com\/license\/free (Icons: CC BY 4.0, Fonts: SIL OFL 1.1, Code: MIT License) Copyright 2023 Fonticons, Inc. --><path d=\"M256 0a256 256 0 1 1 0 512A256 256 0 1 1 256 0zM232 120V256c0 8 4 15.5 10.7 20l96 64c11 7.4 25.9 4.4 33.3-6.7s4.4-25.9-6.7-33.3L280 243.2V120c0-13.3-10.7-24-24-24s-24 10.7-24 24z\"\/><\/svg>\n        \n        \n        \n            <\/div>\n    \n\n<div class=\"ee-iconbox-content\">\n      <p class=\"ee-iconbox-title bde-h3\" >Nyitvatart\u00e1s<\/p>\n        <div class=\"ee-iconbox-text\" >H\u00e9tf\u0151 - Vas\u00e1rnap<\/br>11:00 - 22:00<\/br><\/br>Konyha nyitvatart\u00e1s<\/br>11:00 - 21:15<\/div>\n    <\/div>\n\n<\/div>\n<\/div><div class=\"bde-column-7853-224 bde-column\">\n  \n  \n\t\n\n\n\n<a id=\"home_adp_tel\" class=\"bde-container-link-7853-225 bde-container-link breakdance-link\" href=\"tel:+36 70 629 4120\" target=\"_self\" data-type=\"url\">\n  \n  \n\t\n\n\n\n<div class=\"bde-icon-box-7853-226 bde-icon-box\">\n\n    \n            <div class=\"ee-iconbox-icon breakdance-icon-atom\" >\n    \n                    <svg xmlns=\"http:\/\/www.w3.org\/2000\/svg\" viewBox=\"0 0 512 512\"><!--! Font Awesome Free 6.5.1 by @fontawesome - https:\/\/fontawesome.com License - https:\/\/fontawesome.com\/license\/free (Icons: CC BY 4.0, Fonts: SIL OFL 1.1, Code: MIT License) Copyright 2023 Fonticons, Inc. --><path d=\"M347.1 24.6c7.7-18.6 28-28.5 47.4-23.2l88 24C499.9 30.2 512 46 512 64c0 247.4-200.6 448-448 448c-18 0-33.8-12.1-38.6-29.5l-24-88c-5.3-19.4 4.6-39.7 23.2-47.4l96-40c16.3-6.8 35.2-2.1 46.3 11.6L207.3 368c70.4-33.3 127.4-90.3 160.7-160.7L318.7 167c-13.7-11.2-18.4-30-11.6-46.3l40-96z\"\/><\/svg>\n        \n        \n        \n            <\/div>\n    \n\n<div class=\"ee-iconbox-content\">\n      <p class=\"ee-iconbox-title bde-h3\" >Telefon<\/p>\n        <div class=\"ee-iconbox-text\" >+36 70 629 4120<\/div>\n    <\/div>\n\n<\/div>\n\n<\/a>\n<\/div><div class=\"bde-column-7853-227 bde-column\">\n  \n  \n\t\n\n\n\n<a id=\"home_adp_email\" class=\"bde-container-link-7853-228 bde-container-link breakdance-link\" href=\"mailto:dipiazza@aperegina.hu\" target=\"_self\" data-type=\"url\">\n  \n  \n\t\n\n\n\n<div class=\"bde-icon-box-7853-229 bde-icon-box\">\n\n    \n            <div class=\"ee-iconbox-icon breakdance-icon-atom\" >\n    \n                    <svg xmlns=\"http:\/\/www.w3.org\/2000\/svg\" viewBox=\"0 0 512 512\"><!--! Font Awesome Free 6.5.1 by @fontawesome - https:\/\/fontawesome.com License - https:\/\/fontawesome.com\/license\/free (Icons: CC BY 4.0, Fonts: SIL OFL 1.1, Code: MIT License) Copyright 2023 Fonticons, Inc. --><path d=\"M48 64C21.5 64 0 85.5 0 112c0 15.1 7.1 29.3 19.2 38.4L236.8 313.6c11.4 8.5 27 8.5 38.4 0L492.8 150.4c12.1-9.1 19.2-23.3 19.2-38.4c0-26.5-21.5-48-48-48H48zM0 176V384c0 35.3 28.7 64 64 64H448c35.3 0 64-28.7 64-64V176L294.4 339.2c-22.8 17.1-54 17.1-76.8 0L0 176z\"\/><\/svg>\n        \n        \n        \n            <\/div>\n    \n\n<div class=\"ee-iconbox-content\">\n      <p class=\"ee-iconbox-title bde-h3\" >Online<\/p>\n        <div class=\"ee-iconbox-text\" >dipiazza@aperegina.hu<\/div>\n    <\/div>\n\n<\/div>\n\n<\/a>\n<\/div><\/div><\/div>\n<\/section><section id=\"apereginablock\" class=\"bde-section-7853-252 bde-section\">\n              \n  \n  \n\t\n\n  <div class=\"section-background-overlay\"><\/div>\n\n\n<div class=\"section-container\"><div class=\"bde-div-7853-253 bde-div\">\n  \n  \n\t\n\n\n\n<div class=\"bde-div-7853-254 bde-div\">\n  \n  \n\t\n\n\n\n<h1 class=\"bde-heading-7853-255 bde-heading\">\nApe Regina \n<\/h1><h1 class=\"bde-heading-7853-256 bde-heading\">\nFelh\u00edvjuk kedves vend\u00e9geink figyelm\u00e9t, hogy All You Can Eat & Drink szolg\u00e1ltat\u00e1sunk kiz\u00e1r\u00f3lag a Podmaniczky utcai \u00e9tterm\u00fcnkben \u00e9rhet\u0151 el.\n<\/h1><div class=\"bde-button-7853-257 bde-button\">\n    \n                                    \n    \n    \n    \n    \n            \n                    \n            \n            \n\n    \n    \n    \n    \n    \n    <a class=\"breakdance-link button-atom button-atom--primary bde-button__button\" href=\"https:\/\/www.aperegina.hu\/fooldal\" target=\"_self\" data-type=\"url\"  >\n\n    \n        <span class=\"button-atom__text\">R\u00e9szletek \u00e9s asztalfoglal\u00e1s<\/span>\n\n        \n        \n                <\/a>\n\n    \n\n\n<\/div>\n<\/div>\n<\/div><\/div>\n<\/section><section class=\"bde-section-7853-230 bde-section\">\n  \n  \n\t\n\n\n\n<div class=\"section-container\"><div class=\"bde-gallery-7853-231 bde-gallery\">\n\n\n  \n\n\n\n  \n\n\n\n  \n\n  <div class=\"ee-gallery-swiper breakdance-swiper-wrapper\" data-swiper-id=\"231\">\n    <div class=\"swiper\">\n\n<div class=\"ee-gallery ee-gallery--gallery-slider ee-gallery--slider ee-gallery--single ee-gallery--lightbox ee-gallery-- ee-gallery--caption- ee-gallery--caption-fade ee-gallery--ratio swiper-wrapper\">\n                  \n      <a class=\"ee-gallery-item ee-gallery-item--image ee-gallery-item--single swiper-slide\" href=\"https:\/\/dipiazza.aperegina.hu\/wp-content\/uploads\/2026\/02\/Photo-2026.-02.-07.-16-51-31-scaled.jpg\"  data-sub-html=\"<span><\/span>\" data-category=\"1\"                  data-lg-size=\"1920-2560\"\n\n      >\n        <figure class=\"ee-gallery-item-figure\">\n                        <img loading=\"lazy\" decoding=\"async\" class=\"breakdance-image-object\" src=\"https:\/\/dipiazza.aperegina.hu\/wp-content\/uploads\/2026\/02\/Photo-2026.-02.-07.-16-51-31-768x1024.jpg\" width=\"768\" height=\"1024\" srcset=\"https:\/\/dipiazza.aperegina.hu\/wp-content\/uploads\/2026\/02\/Photo-2026.-02.-07.-16-51-31-scaled.jpg 1920w, https:\/\/dipiazza.aperegina.hu\/wp-content\/uploads\/2026\/02\/Photo-2026.-02.-07.-16-51-31-225x300.jpg 225w, https:\/\/dipiazza.aperegina.hu\/wp-content\/uploads\/2026\/02\/Photo-2026.-02.-07.-16-51-31-768x1024.jpg 768w, https:\/\/dipiazza.aperegina.hu\/wp-content\/uploads\/2026\/02\/Photo-2026.-02.-07.-16-51-31-1152x1536.jpg 1152w, https:\/\/dipiazza.aperegina.hu\/wp-content\/uploads\/2026\/02\/Photo-2026.-02.-07.-16-51-31-1536x2048.jpg 1536w\" sizes=\"auto, (max-width: 1920px) 100vw, 1920px\">\n          \n                  <\/figure>\n      <\/a>\n\n                \n      <a class=\"ee-gallery-item ee-gallery-item--image ee-gallery-item--single swiper-slide\" href=\"https:\/\/dipiazza.aperegina.hu\/wp-content\/uploads\/2026\/02\/Photo-2026.-02.-07.-16-53-20-scaled.jpg\"  data-sub-html=\"<span><\/span>\" data-category=\"1\"                  data-lg-size=\"1920-2560\"\n\n      >\n        <figure class=\"ee-gallery-item-figure\">\n                        <img loading=\"lazy\" decoding=\"async\" class=\"breakdance-image-object\" src=\"https:\/\/dipiazza.aperegina.hu\/wp-content\/uploads\/2026\/02\/Photo-2026.-02.-07.-16-53-20-768x1024.jpg\" width=\"768\" height=\"1024\" srcset=\"https:\/\/dipiazza.aperegina.hu\/wp-content\/uploads\/2026\/02\/Photo-2026.-02.-07.-16-53-20-scaled.jpg 1920w, https:\/\/dipiazza.aperegina.hu\/wp-content\/uploads\/2026\/02\/Photo-2026.-02.-07.-16-53-20-225x300.jpg 225w, https:\/\/dipiazza.aperegina.hu\/wp-content\/uploads\/2026\/02\/Photo-2026.-02.-07.-16-53-20-768x1024.jpg 768w, https:\/\/dipiazza.aperegina.hu\/wp-content\/uploads\/2026\/02\/Photo-2026.-02.-07.-16-53-20-1152x1536.jpg 1152w, https:\/\/dipiazza.aperegina.hu\/wp-content\/uploads\/2026\/02\/Photo-2026.-02.-07.-16-53-20-1536x2048.jpg 1536w\" sizes=\"auto, (max-width: 1920px) 100vw, 1920px\">\n          \n                  <\/figure>\n      <\/a>\n\n                \n      <a class=\"ee-gallery-item ee-gallery-item--image ee-gallery-item--single swiper-slide\" href=\"https:\/\/dipiazza.aperegina.hu\/wp-content\/uploads\/2026\/02\/Photo-2026.-02.-07.-16-53-10-scaled.jpg\"  data-sub-html=\"<span><\/span>\" data-category=\"1\"                  data-lg-size=\"1920-2560\"\n\n      >\n        <figure class=\"ee-gallery-item-figure\">\n                        <img loading=\"lazy\" decoding=\"async\" class=\"breakdance-image-object\" src=\"https:\/\/dipiazza.aperegina.hu\/wp-content\/uploads\/2026\/02\/Photo-2026.-02.-07.-16-53-10-768x1024.jpg\" width=\"768\" height=\"1024\" srcset=\"https:\/\/dipiazza.aperegina.hu\/wp-content\/uploads\/2026\/02\/Photo-2026.-02.-07.-16-53-10-scaled.jpg 1920w, https:\/\/dipiazza.aperegina.hu\/wp-content\/uploads\/2026\/02\/Photo-2026.-02.-07.-16-53-10-225x300.jpg 225w, https:\/\/dipiazza.aperegina.hu\/wp-content\/uploads\/2026\/02\/Photo-2026.-02.-07.-16-53-10-768x1024.jpg 768w, https:\/\/dipiazza.aperegina.hu\/wp-content\/uploads\/2026\/02\/Photo-2026.-02.-07.-16-53-10-1152x1536.jpg 1152w, https:\/\/dipiazza.aperegina.hu\/wp-content\/uploads\/2026\/02\/Photo-2026.-02.-07.-16-53-10-1536x2048.jpg 1536w\" sizes=\"auto, (max-width: 1920px) 100vw, 1920px\">\n          \n                  <\/figure>\n      <\/a>\n\n                \n      <a class=\"ee-gallery-item ee-gallery-item--image ee-gallery-item--single swiper-slide\" href=\"https:\/\/dipiazza.aperegina.hu\/wp-content\/uploads\/2026\/02\/Photo-2026.-02.-07.-16-52-26-scaled.jpg\"  data-sub-html=\"<span><\/span>\" data-category=\"1\"                  data-lg-size=\"1920-2560\"\n\n      >\n        <figure class=\"ee-gallery-item-figure\">\n                        <img loading=\"lazy\" decoding=\"async\" class=\"breakdance-image-object\" src=\"https:\/\/dipiazza.aperegina.hu\/wp-content\/uploads\/2026\/02\/Photo-2026.-02.-07.-16-52-26-768x1024.jpg\" width=\"768\" height=\"1024\" srcset=\"https:\/\/dipiazza.aperegina.hu\/wp-content\/uploads\/2026\/02\/Photo-2026.-02.-07.-16-52-26-scaled.jpg 1920w, https:\/\/dipiazza.aperegina.hu\/wp-content\/uploads\/2026\/02\/Photo-2026.-02.-07.-16-52-26-225x300.jpg 225w, https:\/\/dipiazza.aperegina.hu\/wp-content\/uploads\/2026\/02\/Photo-2026.-02.-07.-16-52-26-768x1024.jpg 768w, https:\/\/dipiazza.aperegina.hu\/wp-content\/uploads\/2026\/02\/Photo-2026.-02.-07.-16-52-26-1152x1536.jpg 1152w, https:\/\/dipiazza.aperegina.hu\/wp-content\/uploads\/2026\/02\/Photo-2026.-02.-07.-16-52-26-1536x2048.jpg 1536w\" sizes=\"auto, (max-width: 1920px) 100vw, 1920px\">\n          \n                  <\/figure>\n      <\/a>\n\n      \n  <\/div>\n\n    <\/div>\n        \n            <div class=\"swiper-pagination\"><\/div>\n    \n  <\/div>\n\n\n<\/div><\/div>\n<\/section><section class=\"bde-section-7853-232 bde-section\">\n  \n  \n\t\n\n\n\n<div class=\"section-container\"><h2 class=\"bde-heading-7853-237 bde-heading\">\nR\u00f3lunk\n<\/h2><div class=\"bde-columns-7853-233 bde-columns\"><div class=\"bde-column-7853-234 bde-column\">\n  \n  \n\t\n\n\n\n<div class=\"bde-div-7853-235 bde-div\">\n  \n  \n\t\n\n\n\n<div class=\"bde-icon-list-7853-236 bde-icon-list\">\n<ul>\n  <\/ul>\n\n<\/div>\n<\/div><div class=\"bde-text-7853-238 bde-text\">\nApe Regina Di Piazza \u2013 Az olasz \u00e9let\u00e9rz\u00e9s \u00e9s a nyugalom tal\u00e1lkoz\u00e1sa<br>Az Ape Regina t\u00f6bb mint egy \u00e9tterem. Egy darabka It\u00e1lia Budapest sz\u00edv\u00e9ben, ahol vend\u00e9geink imm\u00e1r t\u00f6bb mint t\u00edz \u00e9ve \u00e9lvezhetik az autentikus olasz konyha legjav\u00e1t. Els\u0151 \u00e9tterm\u00fcnk a pezsg\u0151 hangulat\u00e1r\u00f3l \u00e9s a v\u00e1laszt\u00e1s szabads\u00e1g\u00e1r\u00f3l v\u00e1lt ismertt\u00e9. A n\u00e9pszer\u0171 all you can eat and drink koncepci\u00f3 \u00e9s a gazdag a\u2019la carte v\u00e1laszt\u00e9k n\u00e1lunk a v\u00e1ltozatoss\u00e1g \u00f6r\u00f6m\u00e9t k\u00edn\u00e1lja mindazoknak, akik k\u00f6tetlen form\u00e1ban fedezn\u00e9k fel az olasz \u00edzeket.<br><br>Ugyanaz a sz\u00edv, egy \u00faj ritmus.<br>Az \u00e9vek sor\u00e1n megfogalmaz\u00f3dott benn\u00fcnk a v\u00e1gy egy olyan \u00e9lm\u00e9ny megteremt\u00e9s\u00e9re, ahol a hangs\u00faly a r\u00e9szleteken \u00e9s a teljes nyugalmon van. <br>\u00cdgy sz\u00fcletett meg az Ape Regina Di Piazza. \u00daj helysz\u00edn\u00fcnk a Parlament k\u00f6zvetlen szomsz\u00e9ds\u00e1g\u00e1ban, a V\u00e9csey utca 3. sz\u00e1m alatt v\u00e1rja \u00d6n\u00f6ket \u2013 egy olyan k\u00f6rnyezetben, ahol minden a min\u0151s\u00e9gi id\u0151t\u00f6lt\u00e9sr\u0151l sz\u00f3l.<br><br>B\u00e1r a szenved\u00e9ly\u00fcnk \u00e9s a csapatunk ugyanaz, az Ape Regina Di Piazza egy teljesen \u00faj vil\u00e1got t\u00e1r fel.<br>Diszkr\u00e9t, csendesebb k\u00f6rnyezet, amely t\u00f6k\u00e9letes keretet ad a figyelmes vend\u00e9gl\u00e1t\u00e1snak.<br>Kiz\u00e1r\u00f3lag a\u2019la carte fogyaszt\u00e1s, amiben konyh\u00e1nk legkiv\u00e1l\u00f3bb, frissen k\u00e9sz\u00fclt fog\u00e1sait eleg\u00e1ns keretek k\u00f6z\u00f6tt \u00e9lvezhetik.<br>A v\u00e1ros egyik legszebb r\u00e9sz\u00e9n, a V\u00e9csey utca hangulatos kulissz\u00e1i k\u00f6z\u00f6tt, a szabad leveg\u0151n h\u00f3dolhatnak a gasztron\u00f3miai \u00e9lvezeteknek.<br><br>T\u00f6k\u00e9letes helysz\u00edn az \u00d6n\u00f6k eml\u00e9kezetes pillanataihoz!<br>Az Ape Regina Di Piazza eleganci\u00e1ja \u00e9s harmonikus l\u00e9gk\u00f6re ide\u00e1lis v\u00e1laszt\u00e1s k\u00fcl\u00f6nleges esem\u00e9nyekhez is.<br>\u00d6r\u00f6mmel biztos\u00edtunk m\u00e9lt\u00f3 helysz\u00ednt meghitt csal\u00e1di \u00fcnneps\u00e9gek \u00e9s bar\u00e1ti \u00f6sszej\u00f6vetelhez, professzion\u00e1lis c\u00e9ges eb\u00e9dekhez \u00e9s reprezentat\u00edv vacsor\u00e1khoz, \u00fczleti t\u00e1rgyal\u00e1sokhoz vagy r\u00e1\u00e9r\u0151s, exkluz\u00edv \u00e9tkez\u00e9sekhez.<br><br>Ugyanaz a szak\u00e9rtelem, ugyanaz a min\u0151s\u00e9g ir\u00e1nti elk\u00f6telezetts\u00e9g \u2013 egy \u00faj, kifinomultabb szinten.<br>Szeretettel v\u00e1rjuk \u00d6n\u00f6ket az Ape Regina leg\u00fajabb fejezet\u00e9ben, ahol minden falat az olasz konyha tisztelet\u00e9r\u0151l sz\u00f3l.<br><br>V\u00e1rjuk \u00d6n\u00f6ket a V\u00e9csey utc\u00e1ban!\n<\/div><div class=\"bde-button-7853-273 bde-button\">\n    \n                                    \n    \n    \n    \n    \n            \n                    \n            \n            \n\n    \n    \n    \n    \n    \n    <a class=\"breakdance-link button-atom button-atom--primary bde-button__button\" href=\"\/asztalfoglalas\/\" target=\"_self\" data-type=\"url\"  >\n\n    \n        <span class=\"button-atom__text\">Asztalfoglal\u00e1s<\/span>\n\n        \n        \n                <\/a>\n\n    \n\n\n<\/div>\n<\/div><div class=\"bde-column-7853-274 bde-column\">\n  \n  \n\t\n\n\n\n<img decoding=\"async\" class=\"bde-image2-7853-275 bde-image2\" src=\"https:\/\/dipiazza.aperegina.hu\/wp-content\/uploads\/2026\/02\/Photo-2026.-02.-07.-11-24-06-scaled.jpg\" srcset=\"https:\/\/dipiazza.aperegina.hu\/wp-content\/uploads\/2026\/02\/Photo-2026.-02.-07.-11-24-06-scaled.jpg 2560w, https:\/\/dipiazza.aperegina.hu\/wp-content\/uploads\/2026\/02\/Photo-2026.-02.-07.-11-24-06-300x225.jpg 300w, https:\/\/dipiazza.aperegina.hu\/wp-content\/uploads\/2026\/02\/Photo-2026.-02.-07.-11-24-06-1024x768.jpg 1024w, https:\/\/dipiazza.aperegina.hu\/wp-content\/uploads\/2026\/02\/Photo-2026.-02.-07.-11-24-06-768x576.jpg 768w, https:\/\/dipiazza.aperegina.hu\/wp-content\/uploads\/2026\/02\/Photo-2026.-02.-07.-11-24-06-1536x1152.jpg 1536w, https:\/\/dipiazza.aperegina.hu\/wp-content\/uploads\/2026\/02\/Photo-2026.-02.-07.-11-24-06-2048x1536.jpg 2048w\" sizes=\"(max-width: 2560px) 100vw, 2560px\">\n<\/div><\/div><\/div>\n<\/section><section class=\"bde-section-7853-264 bde-section\">\n  \n  \n\t\n\n\n\n<div class=\"section-container\"><div class=\"bde-columns-7853-265 bde-columns\"><div class=\"bde-column-7853-266 bde-column\">\n  \n  \n\t\n\n\n\n<div class=\"bde-div-7853-267 bde-div\">\n  \n  \n\t\n\n\n\n<div class=\"bde-icon-list-7853-268 bde-icon-list\">\n<ul>\n  <\/ul>\n\n<\/div>\n<\/div><h2 class=\"bde-heading-7853-269 bde-heading\">\nMegk\u00f6zel\u00edt\u00e9s\n<\/h2><div class=\"bde-text-7853-270 bde-text\">\nA V\u00e9csey utca 3. k\u00f6zvetlen\u00fcl a Szabads\u00e1g t\u00e9r szomsz\u00e9ds\u00e1g\u00e1ban helyezkedik el, alig p\u00e1r perc s\u00e9t\u00e1ra az Orsz\u00e1gh\u00e1zt\u00f3l \u00e9s a Duna-partt\u00f3l.<br><br>    Megk\u00f6zel\u00edt\u00e9s t\u00f6megk\u00f6zleked\u00e9ssel:<br><br>A lok\u00e1ci\u00f3 kiv\u00e1l\u00f3an el\u00e9rhet\u0151 a v\u00e1ros minden pontj\u00e1r\u00f3l:<br><br>    Metr\u00f3: A Kossuth Lajos t\u00e9r (M2-es, piros vonal) \u00e9s az Arany J\u00e1nos utca (M3-as, k\u00e9k vonal) meg\u00e1ll\u00f3k is k\u00f6r\u00fclbel\u00fcl 5-7 perc s\u00e9t\u00e1ra tal\u00e1lhat\u00f3k.<br>    Villamos: A Duna-parton k\u00f6zleked\u0151 2-es villamos Kossuth Lajos t\u00e9ri meg\u00e1ll\u00f3ja ide\u00e1lis v\u00e1laszt\u00e1s.<br>    Busz\/Troli: A 15-\u00f6s busz \u00e9s a 70-es, 78-as trolibuszok meg\u00e1ll\u00f3i szint\u00e9n a k\u00f6zvetlen k\u00f6zelben (p\u00e9ld\u00e1ul a Honv\u00e9d utc\u00e1n\u00e1l) vannak.<br><br>    Megk\u00f6zel\u00edt\u00e9s aut\u00f3val \u00e9s parkol\u00e1s:<br><br>Aut\u00f3val a Bajcsy-Zsilinszky \u00fat vagy a rakpart fel\u0151l k\u00f6zel\u00edthet\u0151 meg a legegyszer\u0171bben. Fontos tudni, hogy a k\u00f6rny\u00e9k fizet\u0151s parkol\u00e1si \u00f6vezet (A z\u00f3na), \u00e9s az utcai parkol\u00f3helyek sz\u00e1ma korl\u00e1tozott.<br><br>Tipp: \u00c9rdemes a Szabads\u00e1g t\u00e9ri m\u00e9lygar\u00e1zst ig\u00e9nybe venni, amely alig egy perc s\u00e9t\u00e1ra van az \u00e9p\u00fclett\u0151l. \n<\/div>\n<\/div><div class=\"bde-column-7853-271 bde-column\">\n  \n  \n\t\n\n\n\n<img decoding=\"async\" class=\"bde-image2-7853-272 bde-image2\" src=\"https:\/\/dipiazza.aperegina.hu\/wp-content\/uploads\/2025\/12\/terrace-with-a-view_1_11-1.webp\" srcset=\"https:\/\/dipiazza.aperegina.hu\/wp-content\/uploads\/2025\/12\/terrace-with-a-view_1_11-1.webp 802w, https:\/\/dipiazza.aperegina.hu\/wp-content\/uploads\/2025\/12\/terrace-with-a-view_1_11-1-300x300.webp 300w, https:\/\/dipiazza.aperegina.hu\/wp-content\/uploads\/2025\/12\/terrace-with-a-view_1_11-1-150x150.webp 150w, https:\/\/dipiazza.aperegina.hu\/wp-content\/uploads\/2025\/12\/terrace-with-a-view_1_11-1-768x768.webp 768w\" sizes=\"(max-width: 802px) 100vw, 802px\">\n<\/div><\/div><\/div>\n<\/section><section class=\"bde-section-7853-243 bde-section\">\n  \n  \n\t\n\n\n\n<div class=\"section-container\"><div class=\"bde-google-map-7853-244 bde-google-map\">\r\n<iframe width=\"100%\" height=\"100%\" style=\"border:0\" loading=\"lazy\" title=\"Map\" src=\"https:\/\/maps.google.com\/maps?q=1054+Budapest+V%C3%A9csey+utca+3.&t=m&z=15&output=embed&iwloc=near\" allowfullscreen><\/iframe>\n<\/div><\/div>\n<\/section>","protected":false},"excerpt":{"rendered":"<p>Ape Regina Di Piazza \u00c9tterem A&#8217;la carte EB\u00c9D MEN\u00dc A&#8217;la carte men\u00fc \u00c9tterem 1054 Budapest V\u00e9csey utca 3. Nyitvatart\u00e1s H\u00e9tf\u0151 &#8211; Vas\u00e1rnap11:00 &#8211; 22:00Konyha nyitvatart\u00e1s11:00 &#8211; 21:15 Telefon +36 70 629 4120 Online dipiazza@aperegina.hu Ape Regina Felh\u00edvjuk kedves vend\u00e9geink figyelm\u00e9t, hogy All You Can Eat &#038; Drink szolg\u00e1ltat\u00e1sunk kiz\u00e1r\u00f3lag a Podmaniczky utcai \u00e9tterm\u00fcnkben \u00e9rhet\u0151 el. [&hellip;]<\/p>\n","protected":false},"author":1,"featured_media":0,"parent":0,"menu_order":0,"comment_status":"closed","ping_status":"closed","template":"","meta":{"_acf_changed":false,"_breakdance_hide_in_design_set":false,"_breakdance_tags":"","footnotes":""},"class_list":["post-7853","page","type-page","status-publish","hentry"],"acf":[],"_links":{"self":[{"href":"https:\/\/dipiazza.aperegina.hu\/es\/wp-json\/wp\/v2\/pages\/7853","targetHints":{"allow":["GET"]}}],"collection":[{"href":"https:\/\/dipiazza.aperegina.hu\/es\/wp-json\/wp\/v2\/pages"}],"about":[{"href":"https:\/\/dipiazza.aperegina.hu\/es\/wp-json\/wp\/v2\/types\/page"}],"author":[{"embeddable":true,"href":"https:\/\/dipiazza.aperegina.hu\/es\/wp-json\/wp\/v2\/users\/1"}],"replies":[{"embeddable":true,"href":"https:\/\/dipiazza.aperegina.hu\/es\/wp-json\/wp\/v2\/comments?post=7853"}],"version-history":[{"count":3,"href":"https:\/\/dipiazza.aperegina.hu\/es\/wp-json\/wp\/v2\/pages\/7853\/revisions"}],"predecessor-version":[{"id":11807,"href":"https:\/\/dipiazza.aperegina.hu\/es\/wp-json\/wp\/v2\/pages\/7853\/revisions\/11807"}],"wp:attachment":[{"href":"https:\/\/dipiazza.aperegina.hu\/es\/wp-json\/wp\/v2\/media?parent=7853"}],"curies":[{"name":"wp","href":"https:\/\/api.w.org\/{rel}","templated":true}]}}