{"id":294,"date":"2025-11-27T12:20:31","date_gmt":"2025-11-27T12:20:31","guid":{"rendered":"https:\/\/aperegina-new.zello.hu\/?page_id=294"},"modified":"2026-04-14T07:02:32","modified_gmt":"2026-04-14T07:02:32","slug":"asztalfoglalas","status":"publish","type":"page","link":"https:\/\/dipiazza.aperegina.hu\/he\/asztalfoglalas\/","title":{"rendered":"Asztalfoglal\u00e1s"},"content":{"rendered":"<section class=\"bde-section-294-100 bde-section\">\n  \n  \n\t\n\n\n\n<div class=\"section-container\"><h2 class=\"bde-heading-294-101 bde-heading\">\nAsztalfoglal\u00e1s\n<\/h2><div class=\"bde-rich-text-294-115 bde-rich-text breakdance-rich-text-styles\">\n<div class=\"elementor-element elementor-element-5f4b818 elementor-widget elementor-widget-text-editor\" data-id=\"5f4b818\" data-element_type=\"widget\" data-widget_type=\"text-editor.default\"><div class=\"elementor-widget-container\"><div class=\"elementor-element elementor-element-fea1c09 open-tab elementor-widget elementor-widget-text-editor\" data-id=\"fea1c09\" data-element_type=\"widget\" data-widget_type=\"text-editor.default\"><div class=\"elementor-widget-container\"><div class=\"gmail_default\"><p>Szeretn\u00e9nk, ha n\u00e1lunk t\u00f6lt\u00f6tt ideje minden szempontb\u00f3l felh\u0151tlen \u00e9s eml\u00e9kezetes lenne. Annak \u00e9rdek\u00e9ben, hogy a legmagasabb sz\u00ednvonal\u00fa kiszolg\u00e1l\u00e1st ny\u00fajthassuk \u00d6nnek \u00e9s minden kedves vend\u00e9g\u00fcnknek, k\u00e9rj\u00fck, foglal\u00e1sa el\u0151tt olvassa el az al\u00e1bbi r\u00f6vid t\u00e1j\u00e9koztat\u00f3t. A foglal\u00e1s v\u00e9gleges\u00edt\u00e9s\u00e9vel \u00d6n elfogadja ezeket a felt\u00e9teleket, melyekkel k\u00f6z\u00f6sen biztos\u00edtjuk \u00e9tterm\u00fcnk zavartalan m\u0171k\u00f6d\u00e9s\u00e9t.<\/p><h3>Foglal\u00e1s menete<\/h3><ul><li><b>L\u00e9tsz\u00e1m:<\/b><br \/>Telefonon 6 f\u0151ig tudunk asztalfoglal\u00e1st r\u00f6gz\u00edteni.<br \/>Online rendszer\u00fcnk\u00f6n kereszt\u00fcl <b>1\u201316 f\u0151ig<\/b> tudunk foglal\u00e1st fogadni.<\/li><li><b>Nagyobb t\u00e1rsas\u00e1gok:<\/b> Ha <b>16 f\u0151n\u00e9l<\/b> t\u00f6bben \u00e9rkezn\u00e9nek, k\u00e9rj\u00fck, vegy\u00e9k fel vel\u00fcnk a kapcsolatot e-mailben, hogy egyedi aj\u00e1nlattal k\u00e9sz\u00fclhess\u00fcnk.<\/li><li><b>Legkisebb vend\u00e9geink:<\/b> K\u00e9rj\u00fck, a foglal\u00e1sn\u00e1l a gyermekeket is sz\u00e1molj\u00e1k bele a l\u00e9tsz\u00e1mba (kort\u00f3l f\u00fcggetlen\u00fcl), hogy k\u00e9nyelmes, t\u00e1gas helyet biztos\u00edthassunk az eg\u00e9sz csal\u00e1dnak.<\/li><\/ul><p><!-- easyTableBooking START --><br \/><script type=\"text\/javascript\">\n(function() { var st=document.createElement('script'); st.type='text\/javascript'; st.async=true; st.src='\/\/book.easytable.com\/book\/widget\/v3\/book.js'; var sc=document.getElementsByTagName('script')[0]; sc.parentNode.insertBefore(st, sc); })();\n<\/script><noscript>Your browser does not support JavaScript!<\/noscript><\/p><div class=\"BookingBox\" style=\"width: 100%; text-align: center;\" data-place=\"fed88\" data-lang=\"auto\">In cooperation with <a title=\"Restaurant reservation and booking system\" href=\"http:\/\/easytable.com\/\" target=\"_blank\" rel=\"noopener\">easyTable.com<\/a><\/div><h3>Garancia \u00e9s lemond\u00e1s (7\u201316 f\u0151 eset\u00e9n)<\/h3><p>Nagyobb asztalt\u00e1rsas\u00e1gokn\u00e1l a foglal\u00e1s v\u00e9gleges\u00edt\u00e9s\u00e9hez bankk\u00e1rtya adatok megad\u00e1sa sz\u00fcks\u00e9ges.<\/p><ul><li><b>Fontos:<\/b> A k\u00e1rty\u00e1t foglal\u00e1skor <b>nem terhelj\u00fck meg<\/b>.<\/li><li><b>Rugalmass\u00e1g:<\/b> A lemond\u00e1s a foglalt id\u0151pont el\u0151tt <b>12 \u00f3r\u00e1val d\u00edjmentes<\/b>.\u00a0 Ezzel seg\u00edtik munk\u00e1nkat, hogy a felszabadult helyet m\u00e1s v\u00e1r\u00f3list\u00e1s vend\u00e9geinknek \u00e1tadhassuk.<\/li><li><b>K\u00e9s\u0151i lemond\u00e1s:<\/b> Amennyiben a lemond\u00e1s 12 \u00f3r\u00e1n bel\u00fcl t\u00f6rt\u00e9nik, vagy a t\u00e1rsas\u00e1g nem \u00e9rkezik meg, 5.000 Ft\/f\u0151 d\u00edjat sz\u00e1m\u00edtunk fel a megadott k\u00e1rty\u00e1ra.<\/li><\/ul><h3>\u00c9rkez\u00e9s \u00e9s id\u0151tartam<\/h3><ul><li><b>Id\u0151keret:<\/b> Szeretn\u00e9nk, ha mindenki k\u00e9nyelmesen elfogyaszthatn\u00e1 vacsor\u00e1j\u00e1t, ez\u00e9rt 5 f\u0151 alatt <b>2 \u00f3r\u00e1t<\/b>, 5 f\u0151 felett pedig <b>2,5 \u00f3r\u00e1t<\/b> biztos\u00edtunk az asztaln\u00e1l. Ha hosszabb id\u0151re terveznek, k\u00e9rj\u00fck, jelezz\u00e9k el\u0151re \u2013 a foglalts\u00e1g f\u00fcggv\u00e9ny\u00e9ben \u00f6r\u00f6mmel teljes\u00edtj\u00fck k\u00e9r\u00e9s\u00fcket!<\/li><li><b>K\u00e9s\u00e9s:<\/b> Asztal\u00e1t a foglalt id\u0151pontt\u00f3l sz\u00e1m\u00edtva <b>15 percig<\/b> tudjuk fenntartani. K\u00e9rj\u00fck, ha k\u00e9snek, jelezz\u00e9k telefonon, mert rendszer\u00fcnk 15 perc ut\u00e1n automatikusan felszabad\u00edtja a helyet. K\u00e9s\u00e9s eset\u00e9n a tart\u00f3zkod\u00e1si id\u0151t sajnos nem \u00e1ll m\u00f3dunkban meghosszabb\u00edtani.<\/li><li><b>Konyha nyitvatart\u00e1sa:<\/b> S\u00e9fjeink 21:15-ig alkotnak, \u00edgy az utols\u00f3 rendel\u00e9seket <b>21:00-ig<\/b> tudjuk felvenni.<\/li><\/ul><h3>Fizet\u00e9s<\/h3><p>Annak \u00e9rdek\u00e9ben, hogy a t\u00e1voz\u00e1s is g\u00f6rd\u00fcl\u00e9keny legyen, <b>4 f\u0151 feletti asztalt\u00e1rsas\u00e1gok eset\u00e9n a sz\u00e1ml\u00e1t nem \u00e1ll m\u00f3dunkban bontani.<\/b> Meg\u00e9rt\u00e9s\u00fcket k\u00f6sz\u00f6nj\u00fck!<\/p><\/div><\/div><\/div><\/div><\/div><div id=\"telefon-hu\" class=\"elementor-element elementor-element-2f6dc18 elementor-widget elementor-widget-heading\" data-id=\"2f6dc18\" data-element_type=\"widget\" data-widget_type=\"heading.default\"><div class=\"elementor-widget-container\">\u00a0<\/div><\/div><p>\u00a0<\/p>\n<\/div><\/div>\n<\/section>","protected":false},"excerpt":{"rendered":"<p>Asztalfoglal\u00e1s Szeretn\u00e9nk, ha n\u00e1lunk t\u00f6lt\u00f6tt ideje minden szempontb\u00f3l felh\u0151tlen \u00e9s eml\u00e9kezetes lenne. Annak \u00e9rdek\u00e9ben, hogy a legmagasabb sz\u00ednvonal\u00fa kiszolg\u00e1l\u00e1st ny\u00fajthassuk \u00d6nnek \u00e9s minden kedves vend\u00e9g\u00fcnknek, k\u00e9rj\u00fck, foglal\u00e1sa el\u0151tt olvassa el az al\u00e1bbi r\u00f6vid t\u00e1j\u00e9koztat\u00f3t. A foglal\u00e1s v\u00e9gleges\u00edt\u00e9s\u00e9vel \u00d6n elfogadja ezeket a felt\u00e9teleket, melyekkel k\u00f6z\u00f6sen biztos\u00edtjuk \u00e9tterm\u00fcnk zavartalan m\u0171k\u00f6d\u00e9s\u00e9t.Foglal\u00e1s meneteL\u00e9tsz\u00e1m:Telefonon 6 f\u0151ig tudunk asztalfoglal\u00e1st r\u00f6gz\u00edteni.Online rendszer\u00fcnk\u00f6n [&hellip;]<\/p>\n","protected":false},"author":1,"featured_media":0,"parent":0,"menu_order":0,"comment_status":"closed","ping_status":"closed","template":"","meta":{"_acf_changed":false,"_breakdance_hide_in_design_set":false,"_breakdance_tags":"","footnotes":""},"class_list":["post-294","page","type-page","status-publish","hentry"],"acf":[],"_links":{"self":[{"href":"https:\/\/dipiazza.aperegina.hu\/he\/wp-json\/wp\/v2\/pages\/294","targetHints":{"allow":["GET"]}}],"collection":[{"href":"https:\/\/dipiazza.aperegina.hu\/he\/wp-json\/wp\/v2\/pages"}],"about":[{"href":"https:\/\/dipiazza.aperegina.hu\/he\/wp-json\/wp\/v2\/types\/page"}],"author":[{"embeddable":true,"href":"https:\/\/dipiazza.aperegina.hu\/he\/wp-json\/wp\/v2\/users\/1"}],"replies":[{"embeddable":true,"href":"https:\/\/dipiazza.aperegina.hu\/he\/wp-json\/wp\/v2\/comments?post=294"}],"version-history":[{"count":2,"href":"https:\/\/dipiazza.aperegina.hu\/he\/wp-json\/wp\/v2\/pages\/294\/revisions"}],"predecessor-version":[{"id":12338,"href":"https:\/\/dipiazza.aperegina.hu\/he\/wp-json\/wp\/v2\/pages\/294\/revisions\/12338"}],"wp:attachment":[{"href":"https:\/\/dipiazza.aperegina.hu\/he\/wp-json\/wp\/v2\/media?parent=294"}],"curies":[{"name":"wp","href":"https:\/\/api.w.org\/{rel}","templated":true}]}}