{"id":555,"date":"2025-11-28T13:20:36","date_gmt":"2025-11-28T13:20:36","guid":{"rendered":"https:\/\/aperegina-new.zello.hu\/?page_id=555"},"modified":"2026-02-16T11:33:12","modified_gmt":"2026-02-16T11:33:12","slug":"aszf","status":"publish","type":"page","link":"https:\/\/dipiazza.aperegina.hu\/he\/aszf\/","title":{"rendered":"\u00c1SZF"},"content":{"rendered":"<section class=\"bde-section-555-100 bde-section\">\n  \n  \n\t\n\n\n\n<div class=\"section-container\"><div class=\"bde-rich-text-555-101 bde-rich-text breakdance-rich-text-styles\">\n<div class=\"entry-content\">\n<div class=\"elementor elementor-6863 elementor-9575\" data-elementor-type=\"wp-page\" data-elementor-id=\"6863\" data-elementor-post-type=\"page\">\n<div class=\"elementor-element elementor-element-5547bb0 e-flex e-con-boxed wpr-particle-no wpr-jarallax-no wpr-parallax-no wpr-sticky-section-no e-con e-parent\" data-id=\"5547bb0\" data-element_type=\"container\">\n<div class=\"e-con-inner\">\n<div class=\"elementor-element elementor-element-3085cca e-flex e-con-boxed wpr-particle-no wpr-jarallax-no wpr-parallax-no wpr-sticky-section-no e-con e-child\" data-id=\"3085cca\" data-element_type=\"container\">\n<p class=\"e-con-inner\" style=\"text-align: center;\">\u00a0<\/p>\n<\/div>\n<p class=\"elementor-element elementor-element-44b9e76 elementor-widget elementor-widget-heading\" style=\"text-align: center;\" data-id=\"44b9e76\" data-element_type=\"widget\" data-widget_type=\"heading.default\">\u00a0<\/p>\n<div class=\"elementor-widget-container\" style=\"text-align: center;\">\n<h3 class=\"elementor-heading-title elementor-size-default\">\u00c1LTAL\u00c1NOS SZERZ\u0150D\u00c9SI FELT\u00c9TELEK<\/h3>\n<\/div>\n<p class=\"elementor-element elementor-element-b002664 elementor-widget elementor-widget-text-editor\" style=\"text-align: center;\" data-id=\"b002664\" data-element_type=\"widget\" data-widget_type=\"text-editor.default\">\u00a0<\/p>\n<div class=\"elementor-widget-container\">\n<p style=\"text-align: center;\"><strong>Kapcsolat:<\/strong><br \/>C\u00e9g neve: Ape 50 Trade Kft.<br \/>Post\u00e1z\u00e1si c\u00edme: 1065 Budapest, Podmaniczky u. 18. fsz. 4.<br \/>Sz\u00e9khelye: 1065 Budapest, Podmaniczky u. 18. fsz. 4.<br \/>Telefon: +36 30 779 7545<br \/>Email:\u00a0<a href=\"mailto:dipiazza@aperegina.hu\">dipiazza@aperegina.hu<\/a><br \/>Ad\u00f3sz\u00e1m: 27761636-2-42<br \/>C\u00e9gjegyz\u00e9ksz\u00e1m: 01-09-396911<\/p>\n<p>\u00a0<\/p>\n<\/div>\n<\/div>\n<\/div>\n<h5><strong>\u00c1LTAL\u00c1NOS SZERZ\u0150D\u00c9SI FELT\u00c9TELEK<\/strong><\/h5>\n<p><br \/>Jelen \u00c1ltal\u00e1nos Szerz\u0151d\u00e9si Felt\u00e9telek (\u00c1SZF) t\u00e1rgy\u00e1t a Ape Regina Di Piazza \u00e9tterembe t\u00f6rt\u00e9n\u0151 foglal\u00e1s, fogyaszt\u00e1s, fizet\u00e9s, alapvet\u0151 viselked\u00e9si szab\u00e1lyok k\u00e9pezik. Az \u00c1SZF minden fogyaszt\u00f3 Vend\u00e9gre n\u00e9zve k\u00f6telez\u0151ek. Az \u00c1SZF ismeret\u00e9nek hi\u00e1nya nem mentes\u00edt az abban foglaltak al\u00f3l.<\/p>\n<h5><br \/><strong>Asztalfoglal\u00e1s:<\/strong><\/h5>\n<p><br \/>Az asztalfoglal\u00e1s minden esetben regisztr\u00e1ci\u00f3hoz k\u00f6t\u00f6tt.<br \/>A regisztr\u00e1ci\u00f3 a +36706294120 telefonsz\u00e1mon, online vagy emailben kezdem\u00e9nyezhet\u0151.<br \/>A Megrendel\u0151 k\u00f6teles a regisztr\u00e1ci\u00f3 sor\u00e1n koll\u00e9g\u00e1ink \u00e1ltal a k\u00e9rt szem\u00e9lyes adatokat (n\u00e9v, email c\u00edm, telefonsz\u00e1m), valamint sz\u00e1ml\u00e1z\u00e1si adatokat a val\u00f3s\u00e1gnak megfelel\u0151en megadni.<br \/><br \/>A Megrendel\u0151 szem\u00e9lyes adatainak kezel\u00e9s\u00e9r\u0151l az Adatkezel\u00e9si T\u00e1j\u00e9koztat\u00f3 rendelkezik.<br \/><br \/>A Megrendel\u0151 jogosult a regisztr\u00e1ci\u00f3j\u00e1t b\u00e1rmikor t\u00f6r\u00f6lni a Szolg\u00e1ltat\u00f3nak a\u00a0<a href=\"mailto:dipiazza@aperegina.hu\">dipiazza@aperegina.hu<\/a>\u00a0email c\u00edm\u00e9re k\u00fcld\u00f6tt \u00fczenetben.<br \/>A regisztr\u00e1ci\u00f3 t\u00f6rl\u00e9s\u00e9t Szolg\u00e1ltat\u00f3 megfelel\u0151 azonos\u00edt\u00e1shoz \u00e9s ahhoz k\u00f6ti, hogy a t\u00f6rl\u00e9sre vonatkoz\u00f3 email a Megrendel\u0151 fi\u00f3kj\u00e1hoz megadott email c\u00edmr\u0151l \u00e9rkezzen, hogy biztosan meg\u00e1llap\u00edthat\u00f3 legyen, hogy a regisztr\u00e1ci\u00f3 t\u00f6rl\u00e9s\u00e9t az arra jogosult kezdem\u00e9nyezte.<br \/><br \/>A Megrendel\u0151 felhaszn\u00e1l\u00f3i adatai a t\u00f6rl\u00e9st k\u00f6vet\u0151en azonnal elt\u00e1vol\u00edt\u00e1sra ker\u00fclnek a rendszerb\u0151l, ez azonban nem \u00e9rinti a m\u00e1r leadott rendel\u00e9sekhez kapcsol\u00f3d\u00f3 adatok \u00e9s dokumentumok meg\u0151rz\u00e9s\u00e9t, nem eredm\u00e9nyezi ezen adatok t\u00f6rl\u00e9s\u00e9t. Az elt\u00e1vol\u00edt\u00e1s ut\u00e1n az adatok vissza\u00e1ll\u00edt\u00e1s\u00e1ra t\u00f6bb\u00e9 nincs m\u00f3d.<\/p>\n<h5><br \/><strong>Asztalfoglal\u00e1s online:<\/strong><\/h5>\n<p><br \/>A Szolg\u00e1ltat\u00f3 \u00e1ltal meghat\u00e1rozott l\u00e9tsz\u00e1m eset\u00e9ben Megrendel\u0151 online foglal\u00e1sa eset\u00e9ben bankk\u00e1rtya adatai megad\u00e1sa sz\u00fcks\u00e9ges 5000 ft \/ f\u0151 let\u00e9ti \u00f6sszeggel. Az online foglal\u00e1s csak a bankk\u00e1rtya adatok megad\u00e1sa ut\u00e1n \u00e9rv\u00e9nyes, a Szolg\u00e1ltat\u00f3 foglal\u00e1si rendszere \u00e1ltal k\u00fcld\u00f6tt visszaigazol\u00f3 emaillel.<br \/>A Megrendel\u0151 banksz\u00e1ml\u00e1j\u00e1n semmilyen p\u00e9nzmozg\u00e1s nem t\u00f6rt\u00e9nik, csak abban az esetben, ha a Megrendel\u0151 nem \u00e9rkezik meg \u00e9s a foglal\u00e1s a hat\u00e1rid\u0151n bel\u00fcl nem ker\u00fcl lemond\u00e1sra. A lemond\u00e1s a foglalt id\u0151pontot minimum 12 \u00f3r\u00e1val megel\u0151z\u0151en d\u00edjmentes. A 12 \u00f3r\u00e1n bel\u00fcl lemondott foglal\u00e1sok eset\u00e9ben a Szolg\u00e1ltat\u00f3 jogosult az 5000 ft \/ f\u0151 let\u00e9ti \u00f6sszeg felsz\u00e1m\u00edt\u00e1sra.<\/p>\n<h5><br \/><strong>Asztalfoglal\u00e1s emailben:<\/strong><\/h5>\n<p><br \/>12 f\u0151 felett a Megrendel\u0151 kiz\u00e1r\u00f3lag e-mailben, az <a href=\"mailto:info@aperegina.hu\">info@aperegina.hu<\/a> e-mail c\u00edmre k\u00fcld\u00f6tt emailben tud asztalt foglalni.<br \/>12 f\u0151 felett Megrendel\u0151 kiz\u00e1r\u00f3lag foglal\u00f3 megfizet\u00e9s\u00e9vel tud asztalt foglalni. A foglal\u00e1s csak a foglal\u00f3 \u00f6sszeg be\u00e9rkez\u00e9s\u00e9t k\u00f6vet\u0151en a Szolg\u00e1ltat\u00f3 visszaigazol\u00e1s\u00e1val egy\u00fctt \u00e9rv\u00e9nyes.<br \/><br \/>A Megrendel\u0151 r\u00e9sz\u00e9re a Szolg\u00e1ltat\u00f3 lehet\u0151s\u00e9get biztos\u00edt foglal\u00e1sa meger\u0151s\u00edt\u00e9s\u00e9re olyan form\u00e1ban, hogy a Megrendel\u0151 a foglal\u00e1s teljes-, vagy r\u00e9sz\u00f6sszeg\u00e9t online bankk\u00e1rty\u00e1s, \u00e1tutal\u00e1sos fizet\u00e9s vagy helysz\u00edni fizet\u00e9s ig\u00e9nybev\u00e9tel\u00e9vel saj\u00e1t d\u00f6nt\u00e9se alapj\u00e1n kiegyenl\u00edtse a Szolg\u00e1ltat\u00f3 r\u00e9sz\u00e9re. Ezt a Szolg\u00e1ltat\u00f3 a megadott email c\u00edmre ki\u00e1ll\u00edtott el\u0151legsz\u00e1ml\u00e1val, sz\u00e1ml\u00e1val \u00e9rv\u00e9nyes\u00edti.<br \/><br \/>Amennyiben a foglal\u00e1sban szerepl\u0151 l\u00e9tsz\u00e1mon Megrendel\u0151 v\u00e1ltoztatni k\u00edv\u00e1n a foglalt id\u0151pontot legk\u00e9s\u0151bb 12 \u00f3r\u00e1val megel\u0151z\u0151en az eredeti l\u00e9tsz\u00e1m maximum 10%-val van lehet\u0151s\u00e9ge m\u00f3dos\u00edtani, ellenkez\u0151 esetben a Szolg\u00e1ltat\u00f3 +\/-1 f\u0151 l\u00e9tsz\u00e1mkorrekci\u00f3j\u00e1t fogadja el.<\/p>\n<h5><strong>El\u00e1ll\u00e1si jog \u00e9s a rendel\u00e9s lemond\u00e1sa:<\/strong><\/h5>\n<p>A kifizetett el\u0151leget a foglal\u00e1s teljes lemond\u00e1sa eset\u00e9n a vissza\u00e9l\u00e9sek elker\u00fcl\u00e9se \u00e9rdek\u00e9ben a lentebb felt\u00fcntetett felt\u00e9telekkel tudjuk visszat\u00e9r\u00edteni, ezekt\u0151l elt\u00e9r\u0151 esetekben nem \u00e1ll m\u00f3dunkban visszafizetni.<br \/><br \/>Kiv\u00e9telt k\u00e9pez az az eset, amennyiben technikai okb\u00f3l kifoly\u00f3lag az el\u0151leg t\u00e1voz\u00e1skor nem vonhat\u00f3 le. (pl. k\u00e9s\u0151i utal\u00e1s miatt nem ker\u00fclt m\u00e9g \u00e9tterm\u00fcnk sz\u00e1ml\u00e1j\u00e1n j\u00f3v\u00e1\u00edr\u00e1sra. Ez esetben t\u00e1voz\u00e1skor a teljes egyenleget kell kifizetni.).<br \/><br \/>Amennyiben v\u00e1ratlan okb\u00f3l kifoly\u00f3lag az el\u0151re egyeztetett id\u0151pontban a foglal\u00e1s nem \u00e9rv\u00e9nyes\u00edthet\u0151, a Megrendel\u0151 err\u0151l a d\u00e1tumot megel\u0151z\u0151 min. 7 nappal k\u00f6teles az \u00e9ttermet t\u00e1j\u00e9koztatni, az \u00e9tterem pedig \u00fajabb id\u0151pont felaj\u00e1nl\u00e1s\u00e1val igyekszik a foglal\u00e1st m\u00e1s id\u0151pontra \u00e1t\u00edrni.<br \/><br \/>Az id\u0151ben jelzett id\u0151pont m\u00f3dos\u00edt\u00e1s eset\u00e9n az el\u0151leg \u00f6sszeg\u00e9t az \u00faj foglal\u00e1si id\u0151pontra sz\u00e1m\u00edtjuk.<\/p>\n<h5><br \/><strong>A lemond\u00e1s felt\u00e9telei \u00e9s k\u00f6lts\u00e9gei:<\/strong><\/h5>\n<p><br \/>0-6 nappal a foglalt id\u0151pont el\u0151tt \u2013 a befizetett \u00f6sszeg 100%-\u00e1t felsz\u00e1m\u00edtjuk.<br \/>A bankk\u00e1rty\u00e1r\u00f3l elutalt el\u0151leg \u00f6sszegek k\u00e9szp\u00e9nzre, sz\u00e1mlap\u00e9nzre, egy\u00e9b k\u00e9szp\u00e9nzt helyettes\u00edt\u0151 fizet\u0151 eszk\u00f6zre nem v\u00e1lthat\u00f3k \u00e1t. Amennyiben a foglal\u00e1s az \u00e9tteremmel egyet\u00e9rt\u00e9sben t\u00f6rl\u00e9sre ker\u00fcl, de a foglal\u00e1s ellen\u00e9rt\u00e9ke m\u00e1r megfizet\u00e9sre ker\u00fclt, a bankk\u00e1rty\u00e1val el\u0151re kiegyenl\u00edtett megrendel\u00e9ssel kapcsolatos panasz, reklam\u00e1ci\u00f3 eset\u00e9n a megrendelt szolg\u00e1ltat\u00e1s ellen\u00e9rt\u00e9k\u00e9nek visszafizet\u00e9se a bankk\u00e1rty\u00e1s fizet\u00e9s szab\u00e1lyai szerint t\u00f6rt\u00e9nik.<br \/><br \/>Az asztalfoglal\u00e1st \u00a0a Szolg\u00e1ltat\u00f3 15 percig tartja, amennyiben nem ker\u00fcl a Megrendel\u0151 \u00e1ltal jelz\u00e9sre a k\u00e9s\u00e9s, 15 perc ut\u00e1n a Szolg\u00e1ltat\u00f3 rendszere automatikusan t\u00f6rli a foglal\u00e1st.<br \/>Szolg\u00e1ltat\u00f3 asztalt h\u00e9tk\u00f6znap eb\u00e9did\u0151ben 2 \u00f3ra, vacsoraid\u0151ben illetve h\u00e9tv\u00e9g\u00e9n 2,5 \u00f3ra id\u0151tartamra biztos\u00edt.<br \/>A Megrendel\u0151 k\u00e9s\u00e9se eset\u00e9ben a Szolg\u00e1ltat\u00f3 nem tudja meghosszab\u00edtani a Megrendel\u0151 \u00e9tteremben tart\u00f3zkod\u00e1s\u00e1nak idej\u00e9t.<\/p>\n<h5><strong>Fizet\u00e9s:<\/strong><\/h5>\n<p>Megrendel\u0151 sz\u00e1m\u00e1ra a sz\u00e1mlabont\u00e1s 4 f\u0151 felett nem lehets\u00e9ges.<br \/>Szolg\u00e1ltat\u00f3 \u00c1f\u00e1s sz\u00e1ml\u00e1t csak a fizet\u00e9st megel\u0151z\u0151en \u00e1ll\u00edt ki, ut\u00f3lagos ki\u00e1ll\u00edt\u00e1sra nincs lehet\u0151s\u00e9g.<br \/>Megrendel\u0151 sz\u00e1m\u00e1ra a sz\u00e1mla v\u00e9g\u00f6sszeg\u00e9nek ut\u00f3lagos rendez\u00e9s\u00e9re nincs lehet\u0151s\u00e9g, Megrendel\u0151 a fogyaszt\u00e1st legk\u00e9s\u0151bb a fogyaszt\u00e1st k\u00f6vet\u0151en a helysz\u00ednen rendezni k\u00f6teles.<br \/>Szolg\u00e1ltat\u00f3 a fizet\u00e9st k\u00f6vet\u0151en reklam\u00e1ci\u00f3t nem fogad el a Megrendel\u0151 r\u00e9sz\u00e9r\u0151l. Szolg\u00e1ltat\u00f3 az \u00e1ltala felt\u00fcntetett m\u00e9rt\u00e9k\u0171 szerv\u00edzd\u00edjat sz\u00e1m\u00edt fel, amely megfizet\u00e9se a Megrendel\u0151 r\u00e9sz\u00e9re k\u00f6telez\u0151 \u00e9rv\u00e9ny\u0171.<br \/>Szolg\u00e1ltat\u00f3 az \u00e1rv\u00e1ltoztat\u00e1sra val\u00f3 jog\u00e1t fenntartja.<\/p>\n<h5><br \/><strong>Aj\u00e1nd\u00e9kutalv\u00e1ny v\u00e1s\u00e1rl\u00e1s:<\/strong><\/h5>\n<p>Az utalv\u00e1ny \u00e9rv\u00e9nyess\u00e9gi ideje a v\u00e1s\u00e1rl\u00e1st\u00f3l sz\u00e1m\u00edtott 1 \u00e9v. Az utalv\u00e1ny k\u00e9szp\u00e9nzre nem v\u00e1lthat\u00f3. Az aj\u00e1nd\u00e9kutalv\u00e1ny kibocs\u00e1t\u00e1si \u00e9rt\u00e9k\u00e9n\u00e9l kisebb \u00e9rt\u00e9k\u0171 szolg\u00e1ltat\u00e1s ig\u00e9nybe v\u00e9tele eset\u00e9n a v\u00e9g\u00f6sszeg \u00e9s a kibocs\u00e1t\u00e1si \u00e9rt\u00e9k k\u00f6z\u00f6tti k\u00fcl\u00f6nbs\u00e9get a szolg\u00e1ltat\u00f3 k\u00e9szp\u00e9nzben nem t\u00e9r\u00edti vissza. Nagyobb \u00e9rt\u00e9k\u0171 szolg\u00e1ltat\u00e1s ig\u00e9nybev\u00e9tele eset\u00e9n a v\u00e9g\u00f6sszeg \u00e9s a kibocs\u00e1t\u00e1si \u00e9rt\u00e9k k\u00f6z\u00f6tti k\u00fcl\u00f6nb\u00f6zet a helysz\u00ednen megfizetend\u0151. Az utalv\u00e1ny egyszeri felhaszn\u00e1l\u00e1sra \u00e9rv\u00e9nyes, amint az utalv\u00e1nyhoz tartoz\u00f3 sorsz\u00e1m felhaszn\u00e1l\u00e1sra ker\u00fcl az utalv\u00e1ny \u00e9rv\u00e9nytelenn\u00e9 v\u00e1lik. A felhaszn\u00e1l\u00e1si id\u0151 letelt\u00e9t k\u00f6vet\u0151en az utalv\u00e1ny \u00e9rv\u00e9nytelenn\u00e9 v\u00e1lik, a felhaszn\u00e1l\u00e1si id\u0151 nem meghosszabb\u00edthat\u00f3. Az aj\u00e1nd\u00e9kutalv\u00e1ny fizet\u00e9skor nyomtatott vagy elektronikus form\u00e1ban bemutatand\u00f3.<\/p>\n<h5><br \/><strong>Alapvet\u0151 viselked\u00e9si szab\u00e1lyok:<\/strong><\/h5>\n<p>A Szolg\u00e1ltat\u00f3 18 \u00e9ven aluli \u00e9s ittas vend\u00e9get szeszesitallal nem szolg\u00e1l ki.<\/p>\n<p>Szolg\u00e1ltat\u00f3 k\u00e1rokoz\u00e1s, lop\u00e1s eset\u00e9ben hat\u00f3s\u00e1gi feljelent\u00e9st tesz.<\/p>\n<p>Szolg\u00e1ltat\u00f3 a Megrendel\u0151 r\u00e9sz\u00e9re extra k\u00f6lts\u00e9gk\u00e9nt takar\u00edt\u00e1si d\u00edjat sz\u00e1m\u00edthat fel, amennyiben a Megrendel\u0151 nem az \u00e1ltal\u00e1nosan elv\u00e1rhat\u00f3 m\u00f3don, az \u00e9ttermi etikett szab\u00e1lyainak megfelel\u0151 m\u00f3don j\u00e1r el.<br \/>Szolg\u00e1ltat\u00f3 jogosult a Megrendel\u0151 t\u00e1voz\u00e1s\u00e1t k\u00e9rni, amennyiben a megrendel\u0151 az \u00e1ltal\u00e1nosan elv\u00e1rhat\u00f3 magatart\u00e1si norm\u00e1knak nem tesz eleget, a t\u00f6bbi vend\u00e9get zavarja.<\/p>\n<h5><strong>Allergia, \u00e9tel\u00e9rz\u00e9kenys\u00e9g:<\/strong><\/h5>\n<p>S\u00falyos \u00e9let\u00e9rz\u00e9kenys\u00e9g, allergia eset\u00e9ben semmik\u00e9ppen nem aj\u00e1nljuk az \u00e9tteremben t\u00f6rt\u00e9n\u0151 fogyaszt\u00e1st. Amennyiben a Megrendel\u0151 a fogyaszt\u00e1s mellett d\u00f6nt Szolg\u00e1ltat\u00f3 nem v\u00e1llal felel\u0151ss\u00e9get a Megrendel\u0151 saj\u00e1t d\u00f6nt\u00e9se alapj\u00e1n v\u00e1lasztott \u00e9tel miatt kiv\u00e1ltott allergi\u00e1s reakci\u00f3k miatt.<br \/>Szolg\u00e1ltat\u00f3 a t\u0151le elv\u00e1rhat\u00f3 m\u00f3don minden allerg\u00e9n inform\u00e1ci\u00f3t biztos\u00edt.<\/p>\n<p>\u00a0<\/p>\n<\/div>\n<\/div>\n<\/div><\/div>\n<\/section>","protected":false},"excerpt":{"rendered":"<p>\u00a0 \u00a0 \u00c1LTAL\u00c1NOS SZERZ\u0150D\u00c9SI FELT\u00c9TELEK \u00a0 Kapcsolat:C\u00e9g neve: Ape 50 Trade Kft.Post\u00e1z\u00e1si c\u00edme: 1065 Budapest, Podmaniczky u. 18. fsz. 4.Sz\u00e9khelye: 1065 Budapest, Podmaniczky u. 18. fsz. 4.Telefon: +36 30 779 7545Email:\u00a0dipiazza@aperegina.huAd\u00f3sz\u00e1m: 27761636-2-42C\u00e9gjegyz\u00e9ksz\u00e1m: 01-09-396911 \u00a0 \u00c1LTAL\u00c1NOS SZERZ\u0150D\u00c9SI FELT\u00c9TELEK Jelen \u00c1ltal\u00e1nos Szerz\u0151d\u00e9si Felt\u00e9telek (\u00c1SZF) t\u00e1rgy\u00e1t a Ape Regina Di Piazza \u00e9tterembe t\u00f6rt\u00e9n\u0151 foglal\u00e1s, fogyaszt\u00e1s, fizet\u00e9s, alapvet\u0151 viselked\u00e9si [&hellip;]<\/p>\n","protected":false},"author":1,"featured_media":0,"parent":0,"menu_order":0,"comment_status":"closed","ping_status":"closed","template":"","meta":{"_acf_changed":false,"_breakdance_hide_in_design_set":false,"_breakdance_tags":"","footnotes":""},"class_list":["post-555","page","type-page","status-publish","hentry"],"acf":[],"_links":{"self":[{"href":"https:\/\/dipiazza.aperegina.hu\/he\/wp-json\/wp\/v2\/pages\/555","targetHints":{"allow":["GET"]}}],"collection":[{"href":"https:\/\/dipiazza.aperegina.hu\/he\/wp-json\/wp\/v2\/pages"}],"about":[{"href":"https:\/\/dipiazza.aperegina.hu\/he\/wp-json\/wp\/v2\/types\/page"}],"author":[{"embeddable":true,"href":"https:\/\/dipiazza.aperegina.hu\/he\/wp-json\/wp\/v2\/users\/1"}],"replies":[{"embeddable":true,"href":"https:\/\/dipiazza.aperegina.hu\/he\/wp-json\/wp\/v2\/comments?post=555"}],"version-history":[{"count":0,"href":"https:\/\/dipiazza.aperegina.hu\/he\/wp-json\/wp\/v2\/pages\/555\/revisions"}],"wp:attachment":[{"href":"https:\/\/dipiazza.aperegina.hu\/he\/wp-json\/wp\/v2\/media?parent=555"}],"curies":[{"name":"wp","href":"https:\/\/api.w.org\/{rel}","templated":true}]}}