{"id":7930,"date":"2026-02-05T13:38:10","date_gmt":"2026-02-05T13:38:10","guid":{"rendered":"https:\/\/ape-dipiazza.zello.hu\/?page_id=7930"},"modified":"2026-02-16T11:37:48","modified_gmt":"2026-02-16T11:37:48","slug":"rendezvenyek-szuletesnap","status":"publish","type":"page","link":"https:\/\/dipiazza.aperegina.hu\/it\/rendezvenyek-szuletesnap\/","title":{"rendered":"Rendezv\u00e9nyek sz\u00fclet\u00e9snap"},"content":{"rendered":"<section class=\"bde-section-7930-100 bde-section\">\n  \n  \n\t\n\n\n\n<div class=\"section-container\"><h2 class=\"bde-heading-7930-101 bde-heading\">\nSZ\u00dcLET\u00c9SNAP\n<\/h2><\/div>\n<\/section><section class=\"bde-section-7930-102 bde-section\">\n  \n  \n\t\n\n\n\n<div class=\"section-container\"><div class=\"bde-div-7930-103 bde-div\">\n  \n  \n\t\n\n\n\n<div class=\"bde-text-7930-104 bde-text\">\nTegye igaz\u00e1n eml\u00e9kezetess\u00e9 a sz\u00fclet\u00e9snapj\u00e1t az Ape Regin\u00e1ban, ahol az olaszos \u00e9let\u00e9rz\u00e9s \u00e9s a vend\u00e9gszeretet tal\u00e1lkozik! <br><br>K\u00e9nyeztesse mag\u00e1t \u00e9s vend\u00e9geit, v\u00e1lasszon torta k\u00edn\u00e1latunkb\u00f3l:legyen az veg\u00e1n glut\u00e9nmentes csokol\u00e1d\u00e9s mogyor\u00f3torta, epres vagy barackos-maracuj\u00e1s sajttorta, klasszikus csokol\u00e1d\u00e9torta vagy m\u00e1s \u00ednycsikland\u00f3 finoms\u00e1g. Ha saj\u00e1t tort\u00e1j\u00e1t szeretn\u00e9 felszolg\u00e1ltatni, mi \u00f6r\u00f6mmel megoldjuk \u2013 torta szerviz\u00fcnk d\u00edja mind\u00f6ssze 5.000 Ft\/torta. <br><br>A sz\u00fclet\u00e9snapi k\u00f6sz\u00f6nt\u00e9st mediterr\u00e1n hangulatban, sz\u00e1l gyerty\u00e1val, torta t\u0171zij\u00e1t\u00e9kkal \u00e9s zenei k\u00eds\u00e9rettel tessz\u00fck felejthetetlenn\u00e9. \n<\/div><h2 class=\"bde-heading-7930-105 bde-heading\">\n\u00c9tterm\u00fcnkben az al\u00e1bbi tort\u00e1k rendel\u00e9s\u00e9re van lehet\u0151s\u00e9g:\n<\/h2><div class=\"bde-div-7930-106 bde-div\">\n  \n  \n\t\n\n\n\n<div class=\"bde-div-7930-107 bde-div\">\n  \n  \n\t\n\n\n\n<div class=\"bde-div-7930-108 bde-div\">\n  \n  \n\t\n\n\n\n<img decoding=\"async\" class=\"bde-image2-7930-109 bde-image2\" src=\"https:\/\/aperegina-new.zello.hu\/wp-content\/uploads\/2025\/11\/Vegan-Kortetorta.jpg\" srcset=\"https:\/\/aperegina-new.zello.hu\/wp-content\/uploads\/2025\/11\/Vegan-Kortetorta.jpg 1600w, https:\/\/aperegina-new.zello.hu\/wp-content\/uploads\/2025\/11\/Vegan-Kortetorta-300x300.jpg 300w, https:\/\/aperegina-new.zello.hu\/wp-content\/uploads\/2025\/11\/Vegan-Kortetorta-1024x1024.jpg 1024w, https:\/\/aperegina-new.zello.hu\/wp-content\/uploads\/2025\/11\/Vegan-Kortetorta-150x150.jpg 150w, https:\/\/aperegina-new.zello.hu\/wp-content\/uploads\/2025\/11\/Vegan-Kortetorta-768x768.jpg 768w, https:\/\/aperegina-new.zello.hu\/wp-content\/uploads\/2025\/11\/Vegan-Kortetorta-1536x1536.jpg 1536w\" sizes=\"(max-width: 1600px) 100vw, 1600px\"><div class=\"bde-text-7930-110 bde-text\">\nVeg\u00e1n k\u00f6rt\u00e9s csokol\u00e1d\u00e9torta<br>12 szeletes\n<\/div>\n<\/div><div class=\"bde-text-7930-111 bde-text\">\n13 490 Ft\n<\/div>\n<\/div><div class=\"bde-div-7930-112 bde-div\">\n  \n  \n\t\n\n\n\n<div class=\"bde-div-7930-113 bde-div\">\n  \n  \n\t\n\n\n\n<img decoding=\"async\" class=\"bde-image2-7930-114 bde-image2\" src=\"https:\/\/aperegina-new.zello.hu\/wp-content\/uploads\/2025\/11\/Epres-Sajttorta.jpg\" srcset=\"https:\/\/aperegina-new.zello.hu\/wp-content\/uploads\/2025\/11\/Epres-Sajttorta.jpg 1600w, https:\/\/aperegina-new.zello.hu\/wp-content\/uploads\/2025\/11\/Epres-Sajttorta-300x300.jpg 300w, https:\/\/aperegina-new.zello.hu\/wp-content\/uploads\/2025\/11\/Epres-Sajttorta-1024x1024.jpg 1024w, https:\/\/aperegina-new.zello.hu\/wp-content\/uploads\/2025\/11\/Epres-Sajttorta-150x150.jpg 150w, https:\/\/aperegina-new.zello.hu\/wp-content\/uploads\/2025\/11\/Epres-Sajttorta-768x768.jpg 768w, https:\/\/aperegina-new.zello.hu\/wp-content\/uploads\/2025\/11\/Epres-Sajttorta-1536x1536.jpg 1536w\" sizes=\"(max-width: 1600px) 100vw, 1600px\"><div class=\"bde-text-7930-115 bde-text\">\nEPRES SAJTORTA<br>12 szeletes\n<\/div>\n<\/div><div class=\"bde-text-7930-116 bde-text\">\n13 490 Ft\n<\/div>\n<\/div><div class=\"bde-div-7930-117 bde-div\">\n  \n  \n\t\n\n\n\n<div class=\"bde-div-7930-118 bde-div\">\n  \n  \n\t\n\n\n\n<img decoding=\"async\" class=\"bde-image2-7930-119 bde-image2\" src=\"https:\/\/aperegina-new.zello.hu\/wp-content\/uploads\/2025\/11\/Baracokos-Maracujas-Sajttorta.jpg\" srcset=\"https:\/\/aperegina-new.zello.hu\/wp-content\/uploads\/2025\/11\/Baracokos-Maracujas-Sajttorta.jpg 1600w, https:\/\/aperegina-new.zello.hu\/wp-content\/uploads\/2025\/11\/Baracokos-Maracujas-Sajttorta-300x300.jpg 300w, https:\/\/aperegina-new.zello.hu\/wp-content\/uploads\/2025\/11\/Baracokos-Maracujas-Sajttorta-1024x1024.jpg 1024w, https:\/\/aperegina-new.zello.hu\/wp-content\/uploads\/2025\/11\/Baracokos-Maracujas-Sajttorta-150x150.jpg 150w, https:\/\/aperegina-new.zello.hu\/wp-content\/uploads\/2025\/11\/Baracokos-Maracujas-Sajttorta-768x768.jpg 768w, https:\/\/aperegina-new.zello.hu\/wp-content\/uploads\/2025\/11\/Baracokos-Maracujas-Sajttorta-1536x1536.jpg 1536w\" sizes=\"(max-width: 1600px) 100vw, 1600px\"><div class=\"bde-text-7930-120 bde-text\">\nBarackos-maracuj\u00e1s sajttorta<br>12 szeletes\n<\/div>\n<\/div><div class=\"bde-text-7930-121 bde-text\">\n13 490 Ft\n<\/div>\n<\/div><div class=\"bde-div-7930-122 bde-div\">\n  \n  \n\t\n\n\n\n<div class=\"bde-div-7930-123 bde-div\">\n  \n  \n\t\n\n\n\n<img decoding=\"async\" class=\"bde-image2-7930-124 bde-image2\" src=\"https:\/\/aperegina-new.zello.hu\/wp-content\/uploads\/2025\/11\/Csokolade-torta.jpg\" srcset=\"https:\/\/aperegina-new.zello.hu\/wp-content\/uploads\/2025\/11\/Csokolade-torta.jpg 1600w, https:\/\/aperegina-new.zello.hu\/wp-content\/uploads\/2025\/11\/Csokolade-torta-300x300.jpg 300w, https:\/\/aperegina-new.zello.hu\/wp-content\/uploads\/2025\/11\/Csokolade-torta-1024x1024.jpg 1024w, https:\/\/aperegina-new.zello.hu\/wp-content\/uploads\/2025\/11\/Csokolade-torta-150x150.jpg 150w, https:\/\/aperegina-new.zello.hu\/wp-content\/uploads\/2025\/11\/Csokolade-torta-768x768.jpg 768w, https:\/\/aperegina-new.zello.hu\/wp-content\/uploads\/2025\/11\/Csokolade-torta-1536x1536.jpg 1536w\" sizes=\"(max-width: 1600px) 100vw, 1600px\"><div class=\"bde-text-7930-125 bde-text\">\nCsokol\u00e1d\u00e9torta<br>16 szeletes\n<\/div>\n<\/div><div class=\"bde-text-7930-126 bde-text\">\n19 990 Ft\n<\/div>\n<\/div><div class=\"bde-div-7930-127 bde-div\">\n  \n  \n\t\n\n\n\n<div class=\"bde-div-7930-128 bde-div\">\n  \n  \n\t\n\n\n\n<img decoding=\"async\" class=\"bde-image2-7930-129 bde-image2\" src=\"https:\/\/aperegina-new.zello.hu\/wp-content\/uploads\/2025\/11\/Pisztacias-Sajttorta.jpg\" srcset=\"https:\/\/aperegina-new.zello.hu\/wp-content\/uploads\/2025\/11\/Pisztacias-Sajttorta.jpg 1600w, https:\/\/aperegina-new.zello.hu\/wp-content\/uploads\/2025\/11\/Pisztacias-Sajttorta-300x300.jpg 300w, https:\/\/aperegina-new.zello.hu\/wp-content\/uploads\/2025\/11\/Pisztacias-Sajttorta-1024x1024.jpg 1024w, https:\/\/aperegina-new.zello.hu\/wp-content\/uploads\/2025\/11\/Pisztacias-Sajttorta-150x150.jpg 150w, https:\/\/aperegina-new.zello.hu\/wp-content\/uploads\/2025\/11\/Pisztacias-Sajttorta-768x768.jpg 768w, https:\/\/aperegina-new.zello.hu\/wp-content\/uploads\/2025\/11\/Pisztacias-Sajttorta-1536x1536.jpg 1536w\" sizes=\"(max-width: 1600px) 100vw, 1600px\"><div class=\"bde-text-7930-130 bde-text\">\nVeg\u00e1n glut\u00e9nmentes csokol\u00e1d\u00e9s mogyor\u00f3torta<br>12 szeletes\n<\/div>\n<\/div><div class=\"bde-text-7930-131 bde-text\">\n14 490 Ft\n<\/div>\n<\/div>\n<\/div><div class=\"bde-text-7930-132 bde-text\">\n<i>* A felt\u00fcntetett \u00e1rakhoz 13% szerv\u00edzd\u00edjat sz\u00e1molunk fel. <\/i><br><br>\u00dcnnepeljen vel\u00fcnk, \u00e9s \u00e9lvezze az olasz \u00e9let\u00f6r\u00f6m minden pillanat\u00e1t ezen a k\u00fcl\u00f6nleges napon is!<br>\n<\/div>\n<\/div><\/div>\n<\/section>","protected":false},"excerpt":{"rendered":"<p>SZ\u00dcLET\u00c9SNAP Tegye igaz\u00e1n eml\u00e9kezetess\u00e9 a sz\u00fclet\u00e9snapj\u00e1t az Ape Regin\u00e1ban, ahol az olaszos \u00e9let\u00e9rz\u00e9s \u00e9s a vend\u00e9gszeretet tal\u00e1lkozik! K\u00e9nyeztesse mag\u00e1t \u00e9s vend\u00e9geit, v\u00e1lasszon torta k\u00edn\u00e1latunkb\u00f3l:legyen az veg\u00e1n glut\u00e9nmentes csokol\u00e1d\u00e9s mogyor\u00f3torta, epres vagy barackos-maracuj\u00e1s sajttorta, klasszikus csokol\u00e1d\u00e9torta vagy m\u00e1s \u00ednycsikland\u00f3 finoms\u00e1g. Ha saj\u00e1t tort\u00e1j\u00e1t szeretn\u00e9 felszolg\u00e1ltatni, mi \u00f6r\u00f6mmel megoldjuk \u2013 torta szerviz\u00fcnk d\u00edja mind\u00f6ssze 5.000 Ft\/torta. A [&hellip;]<\/p>\n","protected":false},"author":1,"featured_media":0,"parent":0,"menu_order":0,"comment_status":"closed","ping_status":"closed","template":"","meta":{"_acf_changed":false,"_breakdance_hide_in_design_set":false,"_breakdance_tags":"","footnotes":""},"class_list":["post-7930","page","type-page","status-publish","hentry"],"acf":[],"_links":{"self":[{"href":"https:\/\/dipiazza.aperegina.hu\/it\/wp-json\/wp\/v2\/pages\/7930","targetHints":{"allow":["GET"]}}],"collection":[{"href":"https:\/\/dipiazza.aperegina.hu\/it\/wp-json\/wp\/v2\/pages"}],"about":[{"href":"https:\/\/dipiazza.aperegina.hu\/it\/wp-json\/wp\/v2\/types\/page"}],"author":[{"embeddable":true,"href":"https:\/\/dipiazza.aperegina.hu\/it\/wp-json\/wp\/v2\/users\/1"}],"replies":[{"embeddable":true,"href":"https:\/\/dipiazza.aperegina.hu\/it\/wp-json\/wp\/v2\/comments?post=7930"}],"version-history":[{"count":0,"href":"https:\/\/dipiazza.aperegina.hu\/it\/wp-json\/wp\/v2\/pages\/7930\/revisions"}],"wp:attachment":[{"href":"https:\/\/dipiazza.aperegina.hu\/it\/wp-json\/wp\/v2\/media?parent=7930"}],"curies":[{"name":"wp","href":"https:\/\/api.w.org\/{rel}","templated":true}]}}